{"id":14,"date":"2011-05-04T14:20:44","date_gmt":"2011-05-04T14:20:44","guid":{"rendered":"https:\/\/www.robertsellier.de\/?page_id=14"},"modified":"2016-11-29T15:40:52","modified_gmt":"2016-11-29T14:40:52","slug":"impressum","status":"publish","type":"page","link":"https:\/\/www.robertsellier.de\/en\/impressum\/","title":{"rendered":"Impressum"},"content":{"rendered":"<p>F\u00fcr den Inhalt verantwortlich:<\/p>\n<p>Robert Sellier<\/p>\n<p>August-Bebel-Stra\u00dfe 3<br \/>\n06108 Halle<br \/>\nTel. +49 173 7455482<\/p>\n<p><a href=\"mailto:info@robertsellier.de\">info@robertsellier.de<\/a><br \/>\n<a href=\"https:\/\/www.robertsellier.de\">www.robertsellier.de<\/a><\/p>\n<p class=\"klein\">Trotz sorgf\u00e4ltiger inhaltlicher Kontrolle \u00fcbernehmen wir keine Haftung f\u00fcr die Inhalte externer Links.<br \/>\nF\u00fcr den Inhalt der verlinkten Seiten sind ausschlie\u00dflich deren Betreiber verantwortlich.<\/p>\n<p class=\"klein\">Fotografie:<br \/>\nHermann Posch<br \/>\n<a href=\"http:\/\/www.hermannposch.de\" target=\"_blank\">www.hermannposch.de<\/a><\/p>\n<p class=\"klein\">Webdesign:<br \/>\nCEF Design, Felicitas Rall-Wirtz<br \/>\n<a href=\"http:\/\/www.cef-rallwirtz.de\" target=\"_blank\">www.cef-rallwirtz.de<\/a><\/p>\n","protected":false},"excerpt":{"rendered":"<p>F\u00fcr den Inhalt verantwortlich: Robert Sellier August-Bebel-Stra\u00dfe 3 06108 Halle Tel. +49 173 7455482 info@robertsellier.de www.robertsellier.de Trotz sorgf\u00e4ltiger inhaltlicher Kontrolle \u00fcbernehmen wir keine Haftung f\u00fcr die Inhalte externer Links. F\u00fcr den Inhalt der verlinkten Seiten sind ausschlie\u00dflich deren Betreiber verantwortlich. Fotografie: Hermann Posch www.hermannposch.de Webdesign: CEF Design, Felicitas Rall-Wirtz www.cef-rallwirtz.de<\/p>\n","protected":false},"author":4,"featured_media":0,"parent":0,"menu_order":7,"comment_status":"closed","ping_status":"closed","template":"","meta":{"footnotes":""},"class_list":["post-14","page","type-page","status-publish","hentry"],"translation":{"provider":"WPGlobus","version":"3.0.2","language":"en","enabled_languages":["de","en"],"languages":{"de":{"title":true,"content":true,"excerpt":false},"en":{"title":false,"content":true,"excerpt":false}}},"_links":{"self":[{"href":"https:\/\/www.robertsellier.de\/en\/wp-json\/wp\/v2\/pages\/14","targetHints":{"allow":["GET"]}}],"collection":[{"href":"https:\/\/www.robertsellier.de\/en\/wp-json\/wp\/v2\/pages"}],"about":[{"href":"https:\/\/www.robertsellier.de\/en\/wp-json\/wp\/v2\/types\/page"}],"author":[{"embeddable":true,"href":"https:\/\/www.robertsellier.de\/en\/wp-json\/wp\/v2\/users\/4"}],"replies":[{"embeddable":true,"href":"https:\/\/www.robertsellier.de\/en\/wp-json\/wp\/v2\/comments?post=14"}],"version-history":[{"count":8,"href":"https:\/\/www.robertsellier.de\/en\/wp-json\/wp\/v2\/pages\/14\/revisions"}],"predecessor-version":[{"id":400,"href":"https:\/\/www.robertsellier.de\/en\/wp-json\/wp\/v2\/pages\/14\/revisions\/400"}],"wp:attachment":[{"href":"https:\/\/www.robertsellier.de\/en\/wp-json\/wp\/v2\/media?parent=14"}],"curies":[{"name":"wp","href":"https:\/\/api.w.org\/{rel}","templated":true}]}}