{"id":22,"date":"2012-08-01T10:21:53","date_gmt":"2012-08-01T10:21:53","guid":{"rendered":"https:\/\/www.robertsellier.de\/?page_id=22"},"modified":"2019-03-11T10:12:18","modified_gmt":"2019-03-11T09:12:18","slug":"konzert","status":"publish","type":"page","link":"https:\/\/www.robertsellier.de\/en\/repertoire\/konzert\/","title":{"rendered":"Concert"},"content":{"rendered":"<h1>Concert<\/h1>\n<table class=\"konzert\">\n<tbody>\n<tr>\n<td style=\"width: 120px;\">G. Gabrieli<\/td>\n<td><strong>In ecclesiis <span>|<\/span> O Jesu mi dulcissime <span>|<\/span> Magnificat <span>|<\/span> Hodie Christus natus est<\/strong><\/td>\n<\/tr>\n<tr>\n<td>C. Monteverdi<\/td>\n<td><strong>Marienvesper <span>|<\/span> Selva morale e spirituale<\/strong><\/td>\n<\/tr>\n<tr>\n<td>H. Sch\u00fctz<\/td>\n<td><strong>Weihnachtshistorie <span>|<\/span> Johannes-Passion <span>|<\/span> Matth\u00e4us-Passion <span>|<\/span> Psalmen Davids <span>|<\/span> Schwanengesang<\/strong><\/td>\n<\/tr>\n<tr>\n<td>H.I.F. Biber<\/td>\n<td><strong>Requiem in f-moll <span>|<\/span> Missa Sancti Henrici<\/strong><\/td>\n<\/tr>\n<tr>\n<td>J.B. Lully<\/td>\n<td><strong>Miserere<\/strong><\/td>\n<\/tr>\n<tr>\n<td>M.A. Charpontier<\/td>\n<td><strong>Te deum<\/strong><\/td>\n<\/tr>\n<tr>\n<td>R. Keyser<\/td>\n<td><strong>Markuspassion<\/strong><\/td>\n<\/tr>\n<tr>\n<td>J.P. Rameau<\/td>\n<td><strong>Grandes motettes<\/strong><\/td>\n<\/tr>\n<tr>\n<td>G.F. H\u00e4ndel<\/td>\n<td><strong>Joshua <span>|<\/span> Jephta <span>|<\/span> Messiah <span>|<\/span> Israel in Egypt <span>|<\/span> Joseph and his bretheren \u00a0Funeral Anthem <span>|<\/span> il trionfo del tempo e disinganno<\/strong><\/td>\n<\/tr>\n<tr>\n<td>J.S. Bach<\/td>\n<td><strong>Weihnachtsoratorium <span>|<\/span> Johannes-Passion <span>|<\/span> Matth\u00e4us-Passion (Arien) <span>|<\/span> h-moll Messe <span>|<\/span> Magnificat <span>|<\/span> div. Kantaten<\/strong><\/td>\n<\/tr>\n<tr>\n<td>L. Mozart<\/td>\n<td><strong>Missa Solemnis in C<\/strong><\/td>\n<\/tr>\n<tr>\n<td>C. H. Graun<\/td>\n<td><strong>Der Tod Jesu<\/strong><\/td>\n<\/tr>\n<tr>\n<td>J. Haydn<\/td>\n<td><strong>Sch\u00f6pfung <span>|<\/span> Jahreszeiten <span>|<\/span> Nelsonmesse <span>|<\/span> Theresienmesse <span>|<\/span> Harmoniemesse <span>|<\/span> Nicolaimesse<\/strong><\/td>\n<\/tr>\n<tr>\n<td>W.A. Mozart<\/td>\n<td><strong>Messen in B, F, C, G, D <span>|<\/span> Kr\u00f6nungsmesse <span>|<\/span> c-moll Messe <span>|<\/span> Requiem <span>|<\/span> Vesperae solennes de confessore<\/strong><\/td>\n<\/tr>\n<tr>\n<td>Simon Mayer<\/td>\n<td><strong>Gran Messa di Requiem <span>|<\/span> Sogno di Partenope <span>|<\/span> Miserere <span>|<\/span> Jephta <span><\/span> Gioas<\/strong><\/td>\n<\/tr>\n<tr>\n<td>L.v. Beethoven<\/td>\n<td><strong>Messe in C <span>|<\/span> Chorphantasie <span>|<\/span> 9. Symphonie<\/strong><\/td>\n<\/tr>\n<tr>\n<td>F. Schubert<\/td>\n<td><strong>Messen in C, G, Es, As<\/strong><\/td>\n<\/tr>\n<tr>\n<td>F. Mendelssohn<\/td>\n<td><strong>Erste Walpurgisnacht <span>|<\/span> Lobgesang <span>|<\/span> Paulus <span>|<\/span> Elias<\/strong><\/td>\n<\/tr>\n<tr>\n<td>G. Rossini<\/td>\n<td><strong>Petite messe solennelle<\/strong><\/td>\n<\/tr>\n<tr>\n<td>A. Bruckner<\/td>\n<td><strong>Te Deum <span>|<\/span> Messe in f-moll<\/strong><\/td>\n<\/tr>\n<tr>\n<td>G. Puccini<\/td>\n<td><strong>Messa di Gloria<\/strong><\/td>\n<\/tr>\n<tr>\n<td>A. Dvo\u0159\u00e1k<\/td>\n<td><strong>Requiem <span>|<\/span> Stabat mater <span>|<\/span> Messe in D<\/strong><\/td>\n<\/tr>\n<tr>\n<td>C. Saint Saens<\/td>\n<td><strong>Oratorio de No\u00ebl<\/strong><\/td>\n<\/tr>\n<tr>\n<td>L. Jan\u00e1\u010dek<\/td>\n<td><strong>V\u011b\u010dn\u00e9 evangelium<\/strong><\/td>\n<\/tr>\n<tr>\n<td>C. Orff<\/td>\n<td><strong>Carmina Burana (Schwan)<\/strong><\/td>\n<\/tr>\n<tr>\n<td>K. Weill<\/td>\n<td><strong>Berliner Requiem<\/strong><\/td>\n<\/tr>\n<tr>\n<td>B. Britten<\/td>\n<td><strong>War Requiem<\/strong><\/td>\n<\/tr>\n<tr>\n<td>Naji Hakim<\/td>\n<td><strong>Die Taube (Urauff\u00fchrung)<\/strong><\/td>\n<\/tr>\n<tr>\n<td>Rainer Bartesch<\/td>\n<td><strong>Faltungskl\u00e4nge (Urauff\u00fchrung) <span>|<\/span> Tyroler Requiem<\/strong><\/td>\n<\/tr>\n<tr>\n<td>Robert Moran<\/td>\n<td><strong>Von Unsichtbaren Dingen (Urauff\u00fchrung)<\/strong><\/td>\n<\/tr>\n<tr>\n<td>Enjott Schneider<\/td>\n<td><strong>Schwabenkinder-Messe <span>|<\/span> Wasser-Oratorium <span>|<\/span> in orbe rotundo (Urauff\u00fchrungen)<\/strong><\/td>\n<\/tr>\n<\/tbody>\n<\/table>\n","protected":false},"excerpt":{"rendered":"<p>Concert G. Gabrieli In ecclesiis | O Jesu mi dulcissime | Magnificat | Hodie Christus natus est C. Monteverdi Marienvesper | Selva morale e spirituale H. Sch\u00fctz Weihnachtshistorie | Johannes-Passion | Matth\u00e4us-Passion | Psalmen Davids | Schwanengesang H.I.F. Biber Requiem in f-moll | Missa Sancti Henrici J.B. Lully Miserere M.A. Charpontier Te deum R. Keyser [&hellip;]<\/p>\n","protected":false},"author":4,"featured_media":0,"parent":43,"menu_order":1,"comment_status":"closed","ping_status":"closed","template":"","meta":{"footnotes":""},"class_list":["post-22","page","type-page","status-publish","hentry"],"translation":{"provider":"WPGlobus","version":"3.0.2","language":"en","enabled_languages":["de","en"],"languages":{"de":{"title":true,"content":true,"excerpt":false},"en":{"title":true,"content":true,"excerpt":false}}},"_links":{"self":[{"href":"https:\/\/www.robertsellier.de\/en\/wp-json\/wp\/v2\/pages\/22","targetHints":{"allow":["GET"]}}],"collection":[{"href":"https:\/\/www.robertsellier.de\/en\/wp-json\/wp\/v2\/pages"}],"about":[{"href":"https:\/\/www.robertsellier.de\/en\/wp-json\/wp\/v2\/types\/page"}],"author":[{"embeddable":true,"href":"https:\/\/www.robertsellier.de\/en\/wp-json\/wp\/v2\/users\/4"}],"replies":[{"embeddable":true,"href":"https:\/\/www.robertsellier.de\/en\/wp-json\/wp\/v2\/comments?post=22"}],"version-history":[{"count":28,"href":"https:\/\/www.robertsellier.de\/en\/wp-json\/wp\/v2\/pages\/22\/revisions"}],"predecessor-version":[{"id":429,"href":"https:\/\/www.robertsellier.de\/en\/wp-json\/wp\/v2\/pages\/22\/revisions\/429"}],"up":[{"embeddable":true,"href":"https:\/\/www.robertsellier.de\/en\/wp-json\/wp\/v2\/pages\/43"}],"wp:attachment":[{"href":"https:\/\/www.robertsellier.de\/en\/wp-json\/wp\/v2\/media?parent=22"}],"curies":[{"name":"wp","href":"https:\/\/api.w.org\/{rel}","templated":true}]}}