{"id":48,"date":"2012-08-01T14:41:20","date_gmt":"2012-08-01T14:41:20","guid":{"rendered":"https:\/\/www.robertsellier.de\/?page_id=48"},"modified":"2012-08-20T15:38:01","modified_gmt":"2012-08-20T15:38:01","slug":"audio","status":"publish","type":"page","link":"https:\/\/www.robertsellier.de\/en\/audio\/","title":{"rendered":"Audio"},"content":{"rendered":"<h5 style=\"padding-top: 12px;\">Franz Schubert<\/h5>\n<h4>\u201eAuf dem Flusse\u201c<\/h4>\n<p>aus &#8220;Winterreise&#8221;<\/p>\n<div class=\"audio\">\n\t<audio controls autobuffer>\n\t  <source src=\"\/musik\/07-Auf-dem-Flusse.mp3\" \/>\n\t  <source src=\"\/musik\/07-Auf-dem-Flusse.ogg\" \/>\n\t\t<object class=\"flashaudio\" type=\"application\/x-shockwave-flash\" data=\"\/musik\/flash\/player_mp3_mini.swf\" width=\"200\" height=\"20\">\n\t\t  <param name=\"wmode\" value=\"opaque\" \/>\n\t\t  <param name=\"movie\" value=\"\/musik\/flash\/player_mp3_mini.swf\" \/>\n\t\t  <param name=\"autoplay\" value=\"false\" \/>\n\t\t  <param name=\"autoload\" value=\"false\" \/>\n\t\t  <param name=\"FlashVars\" value=\"config=\/musik\/flash\/07-Auf-dem-Flusse.txt\" \/>\n\t\t<\/object>\n\t<\/audio><\/div>\n    \n<p>Live-Mitschnitt am 24. Januar 2011 im G\u00e4rtnerplatztheater, M\u00fcnchen<br \/>\nAm Fl\u00fcgel: Liviu Petcu<\/p>\n<h5>Franz Schubert<\/h5>\n<h4>\u201eDie Nebensonnen\u201c<\/h4>\n<p>aus &#8220;Winterreise&#8221;<\/p>\n<div class=\"audio\">\n\t<audio controls autobuffer>\n\t  <source src=\"\/musik\/23-Die-Nebensonnen.mp3\" \/>\n\t  <source src=\"\/musik\/23-Die-Nebensonnen.ogg\" \/>\n\t\t<object class=\"flashaudio\" type=\"application\/x-shockwave-flash\" data=\"\/musik\/flash\/player_mp3_mini.swf\" width=\"200\" height=\"20\">\n\t\t  <param name=\"wmode\" value=\"opaque\" \/>\n\t\t  <param name=\"movie\" value=\"\/musik\/flash\/player_mp3_mini.swf\" \/>\n\t\t  <param name=\"autoplay\" value=\"false\" \/>\n\t\t  <param name=\"autoload\" value=\"false\" \/>\n\t\t  <param name=\"FlashVars\" value=\"config=\/musik\/flash\/23-Die-Nebensonnen.txt\" \/>\n\t\t<\/object>\n\t<\/audio><\/div>\n    \n<p>Live-Mitschnitt am 24. Januar 2011 im G\u00e4rtnerplatztheater, M\u00fcnchen<br \/>\nAm Fl\u00fcgel: Liviu Petcu<\/p>\n","protected":false},"excerpt":{"rendered":"<p>Franz Schubert \u201eAuf dem Flusse\u201c aus &#8220;Winterreise&#8221; Live-Mitschnitt am 24. Januar 2011 im G\u00e4rtnerplatztheater, M\u00fcnchen Am Fl\u00fcgel: Liviu Petcu Franz Schubert \u201eDie Nebensonnen\u201c aus &#8220;Winterreise&#8221; Live-Mitschnitt am 24. Januar 2011 im G\u00e4rtnerplatztheater, M\u00fcnchen Am Fl\u00fcgel: Liviu Petcu<\/p>\n","protected":false},"author":4,"featured_media":0,"parent":0,"menu_order":4,"comment_status":"closed","ping_status":"closed","template":"","meta":{"footnotes":""},"class_list":["post-48","page","type-page","status-publish","hentry"],"translation":{"provider":"WPGlobus","version":"3.0.2","language":"en","enabled_languages":["de","en"],"languages":{"de":{"title":true,"content":true,"excerpt":false},"en":{"title":true,"content":true,"excerpt":false}}},"_links":{"self":[{"href":"https:\/\/www.robertsellier.de\/en\/wp-json\/wp\/v2\/pages\/48","targetHints":{"allow":["GET"]}}],"collection":[{"href":"https:\/\/www.robertsellier.de\/en\/wp-json\/wp\/v2\/pages"}],"about":[{"href":"https:\/\/www.robertsellier.de\/en\/wp-json\/wp\/v2\/types\/page"}],"author":[{"embeddable":true,"href":"https:\/\/www.robertsellier.de\/en\/wp-json\/wp\/v2\/users\/4"}],"replies":[{"embeddable":true,"href":"https:\/\/www.robertsellier.de\/en\/wp-json\/wp\/v2\/comments?post=48"}],"version-history":[{"count":36,"href":"https:\/\/www.robertsellier.de\/en\/wp-json\/wp\/v2\/pages\/48\/revisions"}],"predecessor-version":[{"id":197,"href":"https:\/\/www.robertsellier.de\/en\/wp-json\/wp\/v2\/pages\/48\/revisions\/197"}],"wp:attachment":[{"href":"https:\/\/www.robertsellier.de\/en\/wp-json\/wp\/v2\/media?parent=48"}],"curies":[{"name":"wp","href":"https:\/\/api.w.org\/{rel}","templated":true}]}}