{"id":6,"date":"2011-05-04T14:13:08","date_gmt":"2011-05-04T14:13:08","guid":{"rendered":"https:\/\/www.robertsellier.de\/?page_id=6"},"modified":"2024-08-27T00:30:59","modified_gmt":"2024-08-26T22:30:59","slug":"termine","status":"publish","type":"page","link":"https:\/\/www.robertsellier.de\/en\/termine\/","title":{"rendered":"Performance dates"},"content":{"rendered":"<h6>\u00c4nderungen vorbehalten<\/h6>\n<p>&nbsp;<\/p>\n<h3>12.\/15.\/21.\/31. M\u00e4rz 2019<br \/>\nTheater M\u00fcnster, Gro\u00dfes Haus<\/h3>\n<h4>Schubert\/Zender: EINE WINTERREISE<\/h4>\n<p>Thanztheater M\u00fcnster, Choreografie: Henning Paar, Dirigent: Torsten Schmidt-Kapfenburg<\/p>\n<h3>17. M\u00e4rz 2019<br \/>\nHalle, Oper<\/h3>\n<h4>R. Strauss: Ariadne auf Naxos &#8211; Scaramuccio<\/h4>\n<p>Ltg: Michael Wendeberg, Regie: Paul Georg Dittmann<\/p>\n<h3>24.\/29. M\u00e4rz<br \/>\nHalle, Raumb\u00fchne BABYLON im Opernhaus<\/h3>\n<h4>Meyerbeer: L\u2018Africaine<\/h4>\n<p>Ltg.: Peter Schedding, Regie: Thomas Goerge\/Lionel Som\u00e9<\/p>\n<h3>7. April 2019<br \/>\nHalle, Oper<\/h3>\n<h4>Mozart: Bastien et Bastienne<\/h4>\n<p>Ltg: Michael Wendeberg, Regie: Tobias Kratzer<\/p>\n<h3>10.\/21. April 2019<br \/>\nHalle, Oper<\/h3>\n<h4>R. Strauss: Ariadne auf Naxos &#8211; Scaramuccio<\/h4>\n<p>Ltg: Michael Wendeberg, Regie: Paul Georg Dittmann<\/p>\n<h3>13. April 2019<br \/>\nTheater M\u00fcnster, Gro\u00dfes Haus<\/h3>\n<h4>Schubert\/Zender: EINE WINTERREISE<\/h4>\n<p>Thanztheater M\u00fcnster, Choreografie: Henning Paar, Dirigent: Torsten Schmidt-Kapfenburg<\/p>\n<h3>28. April 2019<br \/>\nBad Lauchst\u00e4dt, Goethe-Theater<\/h3>\n<h4>Mozart: Die Hochzeit des Figaro &#8211; Don Basilio\/Don Curzio<\/h4>\n<p>Ltg: Kay Stromberg, Regie: Michael McCaffery<\/p>\n<h3>5. Mai 2019<br \/>\nBirnau am Bodensee, Basilika<\/h3>\n<h4>Monteverdi: Marienvesper<\/h4>\n<p>L\u2019arpa festante, Ltg: Thomas Gropper<\/p>\n<h3>8. Mai 2019<br \/>\nTheater M\u00fcnster, Gro\u00dfes Haus<\/h3>\n<h4>Schubert\/Zender: EINE WINTERREISE<\/h4>\n<p>Thanztheater M\u00fcnster, Choreografie: Henning Paar, Dirigent: Torsten Schmidt-Kapfenburg<\/p>\n<h3>10. Mai 2019<br \/>\nHalle, Oper<\/h3>\n<h4>R. Strauss: Ariadne auf Naxos &#8211; Scaramuccio<\/h4>\n<p>Ltg: Michael Wendeberg, Regie: Paul Georg Dittmann<\/p>\n<h3>12. Mai 2019<br \/>\nTheater M\u00fcnster, Gro\u00dfes Haus<\/h3>\n<h4>Schubert\/Zender: EINE WINTERREISE<\/h4>\n<p>Thanztheater M\u00fcnster, Choreografie: Henning Paar, Dirigent: Torsten Schmidt-Kapfenburg<\/p>\n<h3>18.\/26. Mai 2019<br \/>\nBad Lauchst\u00e4dt, Goethe-Theater<\/h3>\n<h4>Mozart: Die Hochzeit des Figaro &#8211; Don Basilio\/Don Curzio<\/h4>\n<p>Ltg: Kay Stromberg, Regie: Michael McCaffery<\/p>\n<h3>22. Mai 2019<br \/>\nHalle, Oper<\/h3>\n<h4>Mozart: Bastien et Bastienne<\/h4>\n<p>Ltg: Michael Wendeberg, Regie: Tobias Kratzer<\/p>\n<h3>31. Mai 2019<br \/>\nHalle, Oper<\/h3>\n<h4>H\u00e4ndel: Julius C\u00e4sar in \u00c4gypten<\/h4>\n<p>Ltg.: Michael Hofstetter, Regie: Peter Konwitschni<\/p>\n<h3>1. Juni 2019<br \/>\nHalle, Oper<\/h3>\n<h4>R. Strauss: Ariadne auf Naxos &#8211; Scaramuccio<\/h4>\n<p>Ltg: Michael Wendeberg, Regie: Paul Georg Dittmann<\/p>\n<h3>2.\/6.\/10. Juni 2019<br \/>\nHalle, Oper<\/h3>\n<h4>H\u00e4ndel: Julius C\u00e4sar in \u00c4gypten<\/h4>\n<p>Ltg.: Michael Hofstetter, Regie: Peter Konwitschni<\/p>\n<h3>5.\/8. Juni 2019<br \/>\nHalle, Oper<\/h3>\n<h4>H\u00e4ndel: Berenice<\/h4>\n<p>Ltg.: J\u00f6rg Halubek, Regie: Jochen Biganzoli<\/p>\n<h3>13. Juni 2019<br \/>\nTheater M\u00fcnster, Gro\u00dfes Haus<\/h3>\n<h4>Schubert\/Zender: EINE WINTERREISE<\/h4>\n<p>Thanztheater M\u00fcnster, Choreografie: Henning Paar, Dirigent: Torsten Schmidt-Kapfenburg<\/p>\n<h3>21.\/28. Juni 2019<br \/>\nHalle, Raumb\u00fchne BABYLON im Opernhaus<\/h3>\n<h4>Meyerbeer\/Richard van Schoor: L\u2018Africaine<\/h4>\n<p>Ltg.: Michael Wendeberg, Regie: Thomas Goerge\/Lionel Som\u00e9<\/p>\n<h3>7. Juli 2019<br \/>\nHalle, Raumb\u00fchne BABYLON im Opernhaus<\/h3>\n<h4>Meyerbeer\/Richard van Schoor: L\u2018Africaine<\/h4>\n<p>Ltg.: Michael Wendeberg, Regie: Thomas Goerge\/Lionel Som\u00e9<\/p>\n<h3>1. September 2024, 17 Uhr<br \/>\nK\u00f6then, St.Jakob<\/h3>\n<h4>J. S. Bach: Magnificat<\/h4>\n<p>Abschlusskonzert der K\u00f6thener Bachfesttage, Vokalensemble The Present<br \/>\n<span style=\"color: #333333;\">\u00a0<\/span><\/p>\n<h3><\/h3>\n","protected":false},"excerpt":{"rendered":"<p>\u00c4nderungen vorbehalten &nbsp; 12.\/15.\/21.\/31. M\u00e4rz 2019 Theater M\u00fcnster, Gro\u00dfes Haus Schubert\/Zender: EINE WINTERREISE Thanztheater M\u00fcnster, Choreografie: Henning Paar, Dirigent: Torsten Schmidt-Kapfenburg 17. M\u00e4rz 2019 Halle, Oper R. Strauss: Ariadne auf Naxos &#8211; Scaramuccio Ltg: Michael Wendeberg, Regie: Paul Georg Dittmann 24.\/29. M\u00e4rz Halle, Raumb\u00fchne BABYLON im Opernhaus Meyerbeer: L\u2018Africaine Ltg.: Peter Schedding, Regie: Thomas Goerge\/Lionel [&hellip;]<\/p>\n","protected":false},"author":4,"featured_media":0,"parent":0,"menu_order":0,"comment_status":"closed","ping_status":"closed","template":"","meta":{"footnotes":""},"class_list":["post-6","page","type-page","status-publish","hentry"],"translation":{"provider":"WPGlobus","version":"3.0.2","language":"en","enabled_languages":["de","en"],"languages":{"de":{"title":true,"content":true,"excerpt":false},"en":{"title":true,"content":true,"excerpt":false}}},"_links":{"self":[{"href":"https:\/\/www.robertsellier.de\/en\/wp-json\/wp\/v2\/pages\/6","targetHints":{"allow":["GET"]}}],"collection":[{"href":"https:\/\/www.robertsellier.de\/en\/wp-json\/wp\/v2\/pages"}],"about":[{"href":"https:\/\/www.robertsellier.de\/en\/wp-json\/wp\/v2\/types\/page"}],"author":[{"embeddable":true,"href":"https:\/\/www.robertsellier.de\/en\/wp-json\/wp\/v2\/users\/4"}],"replies":[{"embeddable":true,"href":"https:\/\/www.robertsellier.de\/en\/wp-json\/wp\/v2\/comments?post=6"}],"version-history":[{"count":115,"href":"https:\/\/www.robertsellier.de\/en\/wp-json\/wp\/v2\/pages\/6\/revisions"}],"predecessor-version":[{"id":467,"href":"https:\/\/www.robertsellier.de\/en\/wp-json\/wp\/v2\/pages\/6\/revisions\/467"}],"wp:attachment":[{"href":"https:\/\/www.robertsellier.de\/en\/wp-json\/wp\/v2\/media?parent=6"}],"curies":[{"name":"wp","href":"https:\/\/api.w.org\/{rel}","templated":true}]}}